{"id":1569,"date":"2025-11-10T11:25:27","date_gmt":"2025-11-10T09:25:27","guid":{"rendered":"https:\/\/lamevaaffac.com\/?page_id=1569"},"modified":"2025-11-10T12:06:02","modified_gmt":"2025-11-10T10:06:02","slug":"politica-de-privacitat","status":"publish","type":"page","link":"https:\/\/lamevaaffac.com\/es\/politica-de-privacitat\/","title":{"rendered":"Pol\u00edtica de privacidad"},"content":{"rendered":"<div data-elementor-type=\"wp-page\" data-elementor-id=\"1569\" class=\"elementor elementor-1569\" data-elementor-post-type=\"page\">\n\t\t\t\t\t\t<section class=\"elementor-section elementor-top-section elementor-element elementor-element-1f4bcb84 elementor-section-boxed elementor-section-height-default elementor-section-height-default\" data-id=\"1f4bcb84\" data-element_type=\"section\">\n\t\t\t\t\t\t<div class=\"elementor-container elementor-column-gap-default\">\n\t\t\t\t\t<div class=\"elementor-column elementor-col-100 elementor-top-column elementor-element elementor-element-31034982\" data-id=\"31034982\" data-element_type=\"column\">\n\t\t\t<div class=\"elementor-widget-wrap elementor-element-populated\">\n\t\t\t\t\t\t<div class=\"elementor-element elementor-element-1947a0fb elementor-widget elementor-widget-spacer\" data-id=\"1947a0fb\" data-element_type=\"widget\" data-widget_type=\"spacer.default\">\n\t\t\t\t\t\t\t<div class=\"elementor-spacer\">\n\t\t\t<div class=\"elementor-spacer-inner\"><\/div>\n\t\t<\/div>\n\t\t\t\t\t\t<\/div>\n\t\t\t\t<div class=\"elementor-element elementor-element-573a6088 elementor-widget elementor-widget-heading\" data-id=\"573a6088\" data-element_type=\"widget\" data-widget_type=\"heading.default\">\n\t\t\t\t\t<h1 class=\"elementor-heading-title elementor-size-default\">Pol\u00edtica de Privacitat<\/h1>\t\t\t\t<\/div>\n\t\t\t\t<div class=\"elementor-element elementor-element-5fb3abbd elementor-widget elementor-widget-heading\" data-id=\"5fb3abbd\" data-element_type=\"widget\" data-widget_type=\"heading.default\">\n\t\t\t\t\t<h2 class=\"elementor-heading-title elementor-size-default\">aFFaC - AFA<\/h2>\t\t\t\t<\/div>\n\t\t\t\t<div class=\"elementor-element elementor-element-159fba7e elementor-widget-divider--view-line elementor-widget elementor-widget-divider\" data-id=\"159fba7e\" data-element_type=\"widget\" data-widget_type=\"divider.default\">\n\t\t\t\t\t\t\t<div class=\"elementor-divider\">\n\t\t\t<span class=\"elementor-divider-separator\">\n\t\t\t\t\t\t<\/span>\n\t\t<\/div>\n\t\t\t\t\t\t<\/div>\n\t\t\t\t<div class=\"elementor-element elementor-element-72da20eb elementor-widget elementor-widget-text-editor\" data-id=\"72da20eb\" data-element_type=\"widget\" data-widget_type=\"text-editor.default\">\n\t\t\t\t\t\t\t\t\t<p>La confidencialitat i la seguretat s\u00f3n valors primordials d\u2019<strong>ASSOCIACIONS FEDERADES DE FAM\u00cdLIES D&#8217;ALUMNES DE CATALUNYA<\/strong> i, en conseq\u00fc\u00e8ncia, assumim el comprom\u00eds de garantir la privacitat de l\u2019Usuari en tot moment i de no recollir informaci\u00f3 innecess\u00e0ria. A continuaci\u00f3, li proporcionem tota la informaci\u00f3 necess\u00e0ria sobre la nostra Pol\u00edtica de Privacitat en relaci\u00f3 amb les dades personals que recollim, explicant-li:<\/p>\t\t\t\t\t\t\t\t<\/div>\n\t\t\t\t<div class=\"elementor-element elementor-element-a73f29d elementor-widget elementor-widget-text-editor\" data-id=\"a73f29d\" data-element_type=\"widget\" data-widget_type=\"text-editor.default\">\n\t\t\t\t\t\t\t\t\t<p><span lang=\"ca-ES\">1. Qui \u00e9s el responsable del tractament de les seves dades.<br \/>2. Per a quines finalitats recollim les dades que li sol\u00b7licitem.<br \/>3. Quina \u00e9s la legitimaci\u00f3 per al seu tractament.<br \/>4. Durant quant temps les conservem.<br \/>5. A quins destinataris es comuniquen les seves dades.<br \/>6. Quins s\u00f3n els seus drets i com exercir-los.<\/span><\/p>\t\t\t\t\t\t\t\t<\/div>\n\t\t\t\t<div class=\"elementor-element elementor-element-7fa06ea6 elementor-widget elementor-widget-heading\" data-id=\"7fa06ea6\" data-element_type=\"widget\" data-widget_type=\"heading.default\">\n\t\t\t\t\t<h4 class=\"elementor-heading-title elementor-size-default\">1. Responsable:<\/h4>\t\t\t\t<\/div>\n\t\t\t\t<div class=\"elementor-element elementor-element-eabfed7 elementor-widget elementor-widget-text-editor\" data-id=\"eabfed7\" data-element_type=\"widget\" data-widget_type=\"text-editor.default\">\n\t\t\t\t\t\t\t\t\t<p><span lang=\"ca-ES\">ASSOCIACIONS FEDERADES DE FAM\u00cdLIES D&#8217;ALUMNES DE CATALUNYA G08850299 Carrer Cartagena, 245, \u00e0tic 08025 Barcelona (BARCELONA) <\/span><span style=\"color: #467886;\"><u><a href=\"mailto:assessorament@fapac.cat\"><span lang=\"ca-ES\">assessorament@fapac.cat<\/span><\/a><\/u><\/span><\/p>\t\t\t\t\t\t\t\t<\/div>\n\t\t\t\t<div class=\"elementor-element elementor-element-1235dad elementor-widget elementor-widget-heading\" data-id=\"1235dad\" data-element_type=\"widget\" data-widget_type=\"heading.default\">\n\t\t\t\t\t<h4 class=\"elementor-heading-title elementor-size-default\">2. FINALITATS, LEGITIMACI\u00d3 I CONSERVACI\u00d3 dels tractaments de dades enviades a trav\u00e9s de:<\/h4>\t\t\t\t<\/div>\n\t\t\t\t<div class=\"elementor-element elementor-element-5c0a88c elementor-widget elementor-widget-text-editor\" data-id=\"5c0a88c\" data-element_type=\"widget\" data-widget_type=\"text-editor.default\">\n\t\t\t\t\t\t\t\t\t<p><span lang=\"ca-ES\">Les dades s\u00f3n tractades amb la seg\u00fcent<\/span><span lang=\"ca-ES\"><b> finalitat<\/b><\/span><span lang=\"ca-ES\">:\u00a0<\/span><\/p><ul><li><p><span lang=\"ca-ES\">Gestionar el compte d\u2019usuari, assegurant el manteniment i actualitzaci\u00f3 de la informaci\u00f3 necess\u00e0ria per accedir als serveis i activitats de l\u2019entitat.<\/span><\/p><\/li><li><p><span lang=\"ca-ES\">Facilita la comunicaci\u00f3 interna entre l\u2019aFFaC i les AFA a trav\u00e9s del m\u00f2dul corresponent.\u00a0<\/span><\/p><\/li><li><p><span lang=\"ca-ES\">Faciliten la comunicaci\u00f3 interna entre l\u2019AFA i els seus membres, fent possible la transmissi\u00f3 d\u2019informaci\u00f3 rellevant sobre activitats, reunions, avisos i qualsevol altra q\u00fcesti\u00f3 vinculada a la vida associativa.<\/span><\/p><\/li><li><p><span lang=\"ca-ES\">Gestionar la tramitaci\u00f3 de pagaments i emetre les corresponents factures\u00a0<\/span><\/p><\/li><li><p><span lang=\"ca-ES\">Analitzar i avaluar els serveis per millorar.<\/span><\/p><\/li><li><p><span lang=\"ca-ES\">Compliment de les obligacions legals.\u00a0<\/span><\/p><\/li><\/ul><p><span lang=\"ca-ES\"><b>Legitimaci\u00f3n:<\/b><\/span><span lang=\"ca-ES\"> El consentiment de l&#8217;usuari en sol\u00b7licitar-nos informaci\u00f3 a trav\u00e9s del formulari de contractaci\u00f3 i marcar la casella: He llegit i accepto la Pol\u00edtica de privacitat.<\/span><\/p><p><span lang=\"ca-ES\"><b>Conservaci\u00f3n:<\/b><\/span><span lang=\"ca-ES\"> 30 dies des que es doni de baixa del servei de La Meva aFFaC.\u00a0<\/span><\/p>\t\t\t\t\t\t\t\t<\/div>\n\t\t\t\t<div class=\"elementor-element elementor-element-ce56c39 elementor-widget elementor-widget-heading\" data-id=\"ce56c39\" data-element_type=\"widget\" data-widget_type=\"heading.default\">\n\t\t\t\t\t<h4 class=\"elementor-heading-title elementor-size-default\">3. OBLIGACI\u00d3 DE FACILITAR LES DADES PERSONALS I CONSEQ\u00dc\u00c8NCIES DE NO FER-HO<\/h4>\t\t\t\t<\/div>\n\t\t\t\t<div class=\"elementor-element elementor-element-c4c6ab4 elementor-widget elementor-widget-text-editor\" data-id=\"c4c6ab4\" data-element_type=\"widget\" data-widget_type=\"text-editor.default\">\n\t\t\t\t\t\t\t\t\t<p><span lang=\"ca-ES\">El subministrament de dades personals requereix una edat m\u00ednima de 18 anys o, si escau, l\u2019edat m\u00ednima que estableixi la normativa de protecci\u00f3 de dades aplicable, i\/o disposar de capacitat jur\u00eddica suficient.<br \/>Les dades personals sol\u00b7licitades s\u00f3n necess\u00e0ries per gestionar les seves sol\u00b7licituds, donar-lo d\u2019alta com a usuari i\/o prestar-li els serveis que pugui contractar; si no ens les facilita, no podrem atendre\u2019l correctament ni prestar-li el servei sol\u00b7licitat.<br \/>En tot cas, ens reservem el dret de decidir sobre la incorporaci\u00f3 o no de les seves dades personals i altra informaci\u00f3 a les nostres bases de dades.<\/span><\/p>\t\t\t\t\t\t\t\t<\/div>\n\t\t\t\t<div class=\"elementor-element elementor-element-94f85c1 elementor-widget elementor-widget-heading\" data-id=\"94f85c1\" data-element_type=\"widget\" data-widget_type=\"heading.default\">\n\t\t\t\t\t<h4 class=\"elementor-heading-title elementor-size-default\">4. DESTINATARIS DE LES SEVES DADES<\/h4>\t\t\t\t<\/div>\n\t\t\t\t<div class=\"elementor-element elementor-element-dad41a4 elementor-widget elementor-widget-text-editor\" data-id=\"dad41a4\" data-element_type=\"widget\" data-widget_type=\"text-editor.default\">\n\t\t\t\t\t\t\t\t\t<p><span lang=\"ca-ES\">Les seves dades s\u00f3n confidencials i no se cediran a tercers, excepte obligaci\u00f3 legal.<\/span><\/p>\t\t\t\t\t\t\t\t<\/div>\n\t\t\t\t<div class=\"elementor-element elementor-element-dba4eb8 elementor-widget elementor-widget-heading\" data-id=\"dba4eb8\" data-element_type=\"widget\" data-widget_type=\"heading.default\">\n\t\t\t\t\t<h4 class=\"elementor-heading-title elementor-size-default\">5. \u00daS DE COOKIES<\/h4>\t\t\t\t<\/div>\n\t\t\t\t<div class=\"elementor-element elementor-element-407b2fc elementor-widget elementor-widget-text-editor\" data-id=\"407b2fc\" data-element_type=\"widget\" data-widget_type=\"text-editor.default\">\n\t\t\t\t\t\t\t\t\t<p><span lang=\"ca-ES\">Aquest servei utilitza \u00fanicament cookies t\u00e8cniques i funcionals estrictament necess\u00e0ries per garantir el seu correcte funcionament, la seguretat de la sessi\u00f3 i la prestaci\u00f3 dels serveis sol\u00b7licitats per l\u2019usuari.<br \/>Aquestes cookies no recullen dades personals amb finalitats comercials, anal\u00edtiques o publicit\u00e0ries, ni permeten el seguiment de l\u2019activitat de l\u2019usuari fora del servei.<\/span><\/p><p><span lang=\"ca-ES\">At\u00e8s que aquestes cookies s\u00f3n necess\u00e0ries per al funcionament de la plataforma, no es poden desactivar, i no \u00e9s necessari recollir consentiment per al seu \u00fas, d\u2019acord amb l\u2019article 22.2 de la Llei de Serveis de la Societat de la Informaci\u00f3 i Comer\u00e7 Electr\u00f2nic (LSSICE).<\/span><\/p>\t\t\t\t\t\t\t\t<\/div>\n\t\t\t\t<div class=\"elementor-element elementor-element-40f2329 elementor-widget elementor-widget-heading\" data-id=\"40f2329\" data-element_type=\"widget\" data-widget_type=\"heading.default\">\n\t\t\t\t\t<h4 class=\"elementor-heading-title elementor-size-default\">6. DRETS EN RELACI\u00d3 AMB LES SEVES DADES PERSONALS<\/h4>\t\t\t\t<\/div>\n\t\t\t\t<div class=\"elementor-element elementor-element-1044bd5 elementor-widget elementor-widget-text-editor\" data-id=\"1044bd5\" data-element_type=\"widget\" data-widget_type=\"text-editor.default\">\n\t\t\t\t\t\t\t\t\t<p><span lang=\"ca-ES\">Qualsevol persona pot retirar el seu consentiment en qualsevol moment; la retirada no condiciona l\u2019execuci\u00f3 del contracte de subscripci\u00f3 ni les relacions pr\u00e8vies.<br \/>Drets que pot exercir:<\/span><\/p><ul><li><p><span lang=\"ca-ES\">Sol\u00b7licitar l\u2019acc\u00e9s a les seves dades personals o la seva rectificaci\u00f3.<\/span><\/p><\/li><li><p><span lang=\"ca-ES\">Sol\u00b7licitar la supressi\u00f3 de les dades quan ja no siguin necess\u00e0ries.<\/span><\/p><\/li><li><p><span lang=\"ca-ES\">Sol\u00b7licitar la limitaci\u00f3 del tractament en determinades circumst\u00e0ncies.<\/span><\/p><\/li><li><p><span lang=\"ca-ES\">Oposar-se al tractament per motius relacionats amb la seva situaci\u00f3 particular.<\/span><\/p><\/li><li><p><span lang=\"ca-ES\">Sol\u00b7licitar la portabilitat de les dades en els casos previstos per la normativa.<\/span><\/p><\/li><li><p><span lang=\"ca-ES\">Altres drets reconeguts en la normativa aplicable.<\/span><\/p><\/li><\/ul><p><span lang=\"ca-ES\">On i com sol\u00b7licitar els drets: Mitjan\u00e7ant escrit dirigit al responsable, a la seva adre\u00e7a postal o electr\u00f2nica (indicades a l\u2019apartat A), amb la refer\u00e8ncia \u201cDades Personals\u201d, especificant el dret que vol exercir i sobre quines dades.<br \/>En cas de diverg\u00e8ncies amb l\u2019entitat pel tractament de les seves dades, pot presentar una reclamaci\u00f3 davant l\u2019Ag\u00e8ncia Espanyola de Protecci\u00f3 de Dades (<\/span><span style=\"color: #467886;\"><u><a href=\"http:\/\/www.agpd.es\/\"><span lang=\"ca-ES\">www.agpd.es<\/span><\/a><\/u><\/span><span lang=\"ca-ES\">).<\/span><\/p>\t\t\t\t\t\t\t\t<\/div>\n\t\t\t\t<div class=\"elementor-element elementor-element-ec682e4 elementor-widget elementor-widget-heading\" data-id=\"ec682e4\" data-element_type=\"widget\" data-widget_type=\"heading.default\">\n\t\t\t\t\t<h4 class=\"elementor-heading-title elementor-size-default\">7. SEGURETAT DE LES SEVES DADES PERSONALS<\/h4>\t\t\t\t<\/div>\n\t\t\t\t<div class=\"elementor-element elementor-element-a8adf91 elementor-widget elementor-widget-text-editor\" data-id=\"a8adf91\" data-element_type=\"widget\" data-widget_type=\"text-editor.default\">\n\t\t\t\t\t\t\t\t\t<p><span lang=\"ca-ES\">Per salvaguardar la seguretat de les seves dades personals, l&#8217;informem que hem adoptat totes les mesures t\u00e8cniques i organitzatives necess\u00e0ries per garantir-ne la seguretat davant alteracions, p\u00e8rdues o tractaments i accessos no autoritzats.\u00a0<\/span><\/p>\t\t\t\t\t\t\t\t<\/div>\n\t\t\t\t<div class=\"elementor-element elementor-element-0ce0b80 elementor-widget elementor-widget-heading\" data-id=\"0ce0b80\" data-element_type=\"widget\" data-widget_type=\"heading.default\">\n\t\t\t\t\t<h4 class=\"elementor-heading-title elementor-size-default\">8. ACTUALITZACI\u00d3 DE LES SEVES DADES<\/h4>\t\t\t\t<\/div>\n\t\t\t\t<div class=\"elementor-element elementor-element-37ad6d1 elementor-widget elementor-widget-text-editor\" data-id=\"37ad6d1\" data-element_type=\"widget\" data-widget_type=\"text-editor.default\">\n\t\t\t\t\t\t\t\t\t<p><span lang=\"ca-ES\">\u00c9s important que ens informi de qualsevol modificaci\u00f3 de les seves dades per mantenir-les actualitzades; en cas contrari, no responem de la seva veracitat.<br \/>No som responsables de la pol\u00edtica de privacitat respecte a les dades personals que pugui facilitar a tercers mitjan\u00e7ant els enlla\u00e7os disponibles al nostre web.<br \/>Aquesta Pol\u00edtica de Privacitat ha estat actualitzada en data 06\/11\/2025 pot ser modificada per adaptar-la a canvis en la web o a modificacions legislatives o jurisprudencials en mat\u00e8ria de protecci\u00f3 de dades, per la qual cosa es recomana la seva lectura cada vegada que ens faciliti dades a trav\u00e9s d\u2019aquest lloc web.<\/span><\/p>\t\t\t\t\t\t\t\t<\/div>\n\t\t\t\t<div class=\"elementor-element elementor-element-337c3290 elementor-widget elementor-widget-spacer\" data-id=\"337c3290\" data-element_type=\"widget\" data-widget_type=\"spacer.default\">\n\t\t\t\t\t\t\t<div class=\"elementor-spacer\">\n\t\t\t<div class=\"elementor-spacer-inner\"><\/div>\n\t\t<\/div>\n\t\t\t\t\t\t<\/div>\n\t\t\t\t\t<\/div>\n\t\t<\/div>\n\t\t\t\t\t<\/div>\n\t\t<\/section>\n\t\t\t\t<\/div>","protected":false},"excerpt":{"rendered":"<p>Pol\u00edtica de Privacitat aFFaC &#8211; AFA La confidencialitat i la seguretat s\u00f3n valors primordials d\u2019ASSOCIACIONS FEDERADES DE FAM\u00cdLIES D&#8217;ALUMNES DE CATALUNYA i, en conseq\u00fc\u00e8ncia, assumim el comprom\u00eds de garantir la privacitat de l\u2019Usuari en tot moment i de no recollir informaci\u00f3 innecess\u00e0ria. A continuaci\u00f3, li proporcionem tota la informaci\u00f3 necess\u00e0ria sobre la nostra Pol\u00edtica de [&hellip;]<\/p>","protected":false},"author":1,"featured_media":0,"parent":0,"menu_order":0,"comment_status":"closed","ping_status":"closed","template":"","meta":{"footnotes":""},"class_list":["post-1569","page","type-page","status-publish","hentry"],"yoast_head":"<!-- This site is optimized with the Yoast SEO plugin v26.4 - https:\/\/yoast.com\/wordpress\/plugins\/seo\/ -->\n<title>Pol\u00edtica de privacitat - La Meva aFFaC<\/title>\n<meta name=\"robots\" content=\"index, follow, max-snippet:-1, max-image-preview:large, max-video-preview:-1\" \/>\n<link rel=\"canonical\" href=\"https:\/\/lamevaaffac.com\/es\/politica-de-privacitat\/\" \/>\n<meta property=\"og:locale\" content=\"es_ES\" \/>\n<meta property=\"og:type\" content=\"article\" \/>\n<meta property=\"og:title\" content=\"Pol\u00edtica de privacitat - La Meva aFFaC\" \/>\n<meta property=\"og:description\" content=\"Pol\u00edtica de Privacitat aFFaC &#8211; AFA La confidencialitat i la seguretat s\u00f3n valors primordials d\u2019ASSOCIACIONS FEDERADES DE FAM\u00cdLIES D&#8217;ALUMNES DE CATALUNYA i, en conseq\u00fc\u00e8ncia, assumim el comprom\u00eds de garantir la privacitat de l\u2019Usuari en tot moment i de no recollir informaci\u00f3 innecess\u00e0ria. A continuaci\u00f3, li proporcionem tota la informaci\u00f3 necess\u00e0ria sobre la nostra Pol\u00edtica de [&hellip;]\" \/>\n<meta property=\"og:url\" content=\"https:\/\/lamevaaffac.com\/es\/politica-de-privacitat\/\" \/>\n<meta property=\"og:site_name\" content=\"La Meva aFFaC\" \/>\n<meta property=\"article:publisher\" content=\"https:\/\/www.facebook.com\/affac.cat\" \/>\n<meta property=\"article:modified_time\" content=\"2025-11-10T10:06:02+00:00\" \/>\n<meta name=\"twitter:card\" content=\"summary_large_image\" \/>\n<meta name=\"twitter:site\" content=\"@affac_cat\" \/>\n<meta name=\"twitter:label1\" content=\"Tiempo de lectura\" \/>\n\t<meta name=\"twitter:data1\" content=\"4 minutos\" \/>\n<script type=\"application\/ld+json\" class=\"yoast-schema-graph\">{\"@context\":\"https:\/\/schema.org\",\"@graph\":[{\"@type\":\"WebPage\",\"@id\":\"https:\/\/lamevaaffac.com\/politica-de-privacitat\/\",\"url\":\"https:\/\/lamevaaffac.com\/politica-de-privacitat\/\",\"name\":\"Pol\u00edtica de privacitat - La Meva aFFaC\",\"isPartOf\":{\"@id\":\"https:\/\/lamevaaffac.com\/#website\"},\"datePublished\":\"2025-11-10T09:25:27+00:00\",\"dateModified\":\"2025-11-10T10:06:02+00:00\",\"breadcrumb\":{\"@id\":\"https:\/\/lamevaaffac.com\/politica-de-privacitat\/#breadcrumb\"},\"inLanguage\":\"es\",\"potentialAction\":[{\"@type\":\"ReadAction\",\"target\":[\"https:\/\/lamevaaffac.com\/politica-de-privacitat\/\"]}]},{\"@type\":\"BreadcrumbList\",\"@id\":\"https:\/\/lamevaaffac.com\/politica-de-privacitat\/#breadcrumb\",\"itemListElement\":[{\"@type\":\"ListItem\",\"position\":1,\"name\":\"Inici\",\"item\":\"https:\/\/lamevaaffac.com\/\"},{\"@type\":\"ListItem\",\"position\":2,\"name\":\"Pol\u00edtica de privacitat\"}]},{\"@type\":\"WebSite\",\"@id\":\"https:\/\/lamevaaffac.com\/#website\",\"url\":\"https:\/\/lamevaaffac.com\/\",\"name\":\"La Meva aFFaC\",\"description\":\"\",\"publisher\":{\"@id\":\"https:\/\/lamevaaffac.com\/#organization\"},\"potentialAction\":[{\"@type\":\"SearchAction\",\"target\":{\"@type\":\"EntryPoint\",\"urlTemplate\":\"https:\/\/lamevaaffac.com\/?s={search_term_string}\"},\"query-input\":{\"@type\":\"PropertyValueSpecification\",\"valueRequired\":true,\"valueName\":\"search_term_string\"}}],\"inLanguage\":\"es\"},{\"@type\":\"Organization\",\"@id\":\"https:\/\/lamevaaffac.com\/#organization\",\"name\":\"La Meva aFFaC\",\"url\":\"https:\/\/lamevaaffac.com\/\",\"logo\":{\"@type\":\"ImageObject\",\"inLanguage\":\"es\",\"@id\":\"https:\/\/lamevaaffac.com\/#\/schema\/logo\/image\/\",\"url\":\"https:\/\/lamevaaffac.com\/wp-content\/uploads\/2025\/10\/LOGO-aFFaC_TOP_s.png\",\"contentUrl\":\"https:\/\/lamevaaffac.com\/wp-content\/uploads\/2025\/10\/LOGO-aFFaC_TOP_s.png\",\"width\":220,\"height\":113,\"caption\":\"La Meva aFFaC\"},\"image\":{\"@id\":\"https:\/\/lamevaaffac.com\/#\/schema\/logo\/image\/\"},\"sameAs\":[\"https:\/\/www.facebook.com\/affac.cat\",\"https:\/\/x.com\/affac_cat\",\"https:\/\/www.instagram.com\/affac.cat\/\",\"https:\/\/www.linkedin.com\/company\/affac-cat\/\"]}]}<\/script>\n<!-- \/ Yoast SEO plugin. -->","yoast_head_json":{"title":"Pol\u00edtica de privacitat - La Meva aFFaC","robots":{"index":"index","follow":"follow","max-snippet":"max-snippet:-1","max-image-preview":"max-image-preview:large","max-video-preview":"max-video-preview:-1"},"canonical":"https:\/\/lamevaaffac.com\/es\/politica-de-privacitat\/","og_locale":"es_ES","og_type":"article","og_title":"Pol\u00edtica de privacitat - La Meva aFFaC","og_description":"Pol\u00edtica de Privacitat aFFaC &#8211; AFA La confidencialitat i la seguretat s\u00f3n valors primordials d\u2019ASSOCIACIONS FEDERADES DE FAM\u00cdLIES D&#8217;ALUMNES DE CATALUNYA i, en conseq\u00fc\u00e8ncia, assumim el comprom\u00eds de garantir la privacitat de l\u2019Usuari en tot moment i de no recollir informaci\u00f3 innecess\u00e0ria. A continuaci\u00f3, li proporcionem tota la informaci\u00f3 necess\u00e0ria sobre la nostra Pol\u00edtica de [&hellip;]","og_url":"https:\/\/lamevaaffac.com\/es\/politica-de-privacitat\/","og_site_name":"La Meva aFFaC","article_publisher":"https:\/\/www.facebook.com\/affac.cat","article_modified_time":"2025-11-10T10:06:02+00:00","twitter_card":"summary_large_image","twitter_site":"@affac_cat","twitter_misc":{"Tiempo de lectura":"4 minutos"},"schema":{"@context":"https:\/\/schema.org","@graph":[{"@type":"WebPage","@id":"https:\/\/lamevaaffac.com\/politica-de-privacitat\/","url":"https:\/\/lamevaaffac.com\/politica-de-privacitat\/","name":"Pol\u00edtica de privacitat - La Meva aFFaC","isPartOf":{"@id":"https:\/\/lamevaaffac.com\/#website"},"datePublished":"2025-11-10T09:25:27+00:00","dateModified":"2025-11-10T10:06:02+00:00","breadcrumb":{"@id":"https:\/\/lamevaaffac.com\/politica-de-privacitat\/#breadcrumb"},"inLanguage":"es","potentialAction":[{"@type":"ReadAction","target":["https:\/\/lamevaaffac.com\/politica-de-privacitat\/"]}]},{"@type":"BreadcrumbList","@id":"https:\/\/lamevaaffac.com\/politica-de-privacitat\/#breadcrumb","itemListElement":[{"@type":"ListItem","position":1,"name":"Inici","item":"https:\/\/lamevaaffac.com\/"},{"@type":"ListItem","position":2,"name":"Pol\u00edtica de privacitat"}]},{"@type":"WebSite","@id":"https:\/\/lamevaaffac.com\/#website","url":"https:\/\/lamevaaffac.com\/","name":"La Meva aFFaC","description":"","publisher":{"@id":"https:\/\/lamevaaffac.com\/#organization"},"potentialAction":[{"@type":"SearchAction","target":{"@type":"EntryPoint","urlTemplate":"https:\/\/lamevaaffac.com\/?s={search_term_string}"},"query-input":{"@type":"PropertyValueSpecification","valueRequired":true,"valueName":"search_term_string"}}],"inLanguage":"es"},{"@type":"Organization","@id":"https:\/\/lamevaaffac.com\/#organization","name":"La Meva aFFaC","url":"https:\/\/lamevaaffac.com\/","logo":{"@type":"ImageObject","inLanguage":"es","@id":"https:\/\/lamevaaffac.com\/#\/schema\/logo\/image\/","url":"https:\/\/lamevaaffac.com\/wp-content\/uploads\/2025\/10\/LOGO-aFFaC_TOP_s.png","contentUrl":"https:\/\/lamevaaffac.com\/wp-content\/uploads\/2025\/10\/LOGO-aFFaC_TOP_s.png","width":220,"height":113,"caption":"La Meva aFFaC"},"image":{"@id":"https:\/\/lamevaaffac.com\/#\/schema\/logo\/image\/"},"sameAs":["https:\/\/www.facebook.com\/affac.cat","https:\/\/x.com\/affac_cat","https:\/\/www.instagram.com\/affac.cat\/","https:\/\/www.linkedin.com\/company\/affac-cat\/"]}]}},"_links":{"self":[{"href":"https:\/\/lamevaaffac.com\/es\/wp-json\/wp\/v2\/pages\/1569","targetHints":{"allow":["GET"]}}],"collection":[{"href":"https:\/\/lamevaaffac.com\/es\/wp-json\/wp\/v2\/pages"}],"about":[{"href":"https:\/\/lamevaaffac.com\/es\/wp-json\/wp\/v2\/types\/page"}],"author":[{"embeddable":true,"href":"https:\/\/lamevaaffac.com\/es\/wp-json\/wp\/v2\/users\/1"}],"replies":[{"embeddable":true,"href":"https:\/\/lamevaaffac.com\/es\/wp-json\/wp\/v2\/comments?post=1569"}],"version-history":[{"count":7,"href":"https:\/\/lamevaaffac.com\/es\/wp-json\/wp\/v2\/pages\/1569\/revisions"}],"predecessor-version":[{"id":1587,"href":"https:\/\/lamevaaffac.com\/es\/wp-json\/wp\/v2\/pages\/1569\/revisions\/1587"}],"wp:attachment":[{"href":"https:\/\/lamevaaffac.com\/es\/wp-json\/wp\/v2\/media?parent=1569"}],"curies":[{"name":"wp","href":"https:\/\/api.w.org\/{rel}","templated":true}]}}