{"id":1917,"date":"2026-02-20T13:07:26","date_gmt":"2026-02-20T11:07:26","guid":{"rendered":"https:\/\/lamevaaffac.com\/?page_id=1917"},"modified":"2026-02-23T09:39:42","modified_gmt":"2026-02-23T07:39:42","slug":"declaracio-responsable-verifactu","status":"publish","type":"page","link":"https:\/\/lamevaaffac.com\/es\/declaracio-responsable-verifactu\/","title":{"rendered":"Hist\u00f2ric declaracions responsables Verifactu"},"content":{"rendered":"<div data-elementor-type=\"wp-page\" data-elementor-id=\"1917\" class=\"elementor elementor-1917\" data-elementor-post-type=\"page\">\n\t\t\t\t\t\t<section class=\"elementor-section elementor-top-section elementor-element elementor-element-65a706d9 elementor-section-boxed elementor-section-height-default elementor-section-height-default\" data-id=\"65a706d9\" data-element_type=\"section\">\n\t\t\t\t\t\t<div class=\"elementor-container elementor-column-gap-default\">\n\t\t\t\t\t<div class=\"elementor-column elementor-col-100 elementor-top-column elementor-element elementor-element-424580af\" data-id=\"424580af\" data-element_type=\"column\">\n\t\t\t<div class=\"elementor-widget-wrap elementor-element-populated\">\n\t\t\t\t\t\t<div class=\"elementor-element elementor-element-39523e4 elementor-widget elementor-widget-spacer\" data-id=\"39523e4\" data-element_type=\"widget\" data-widget_type=\"spacer.default\">\n\t\t\t\t\t\t\t<div class=\"elementor-spacer\">\n\t\t\t<div class=\"elementor-spacer-inner\"><\/div>\n\t\t<\/div>\n\t\t\t\t\t\t<\/div>\n\t\t\t\t<div class=\"elementor-element elementor-element-67417156 elementor-widget elementor-widget-heading\" data-id=\"67417156\" data-element_type=\"widget\" data-widget_type=\"heading.default\">\n\t\t\t\t\t<h1 class=\"elementor-heading-title elementor-size-default\">Hist\u00f2ric declaracions responsables Verifactu<\/h1>\t\t\t\t<\/div>\n\t\t\t\t<div class=\"elementor-element elementor-element-3048234b elementor-widget-divider--view-line elementor-widget elementor-widget-divider\" data-id=\"3048234b\" data-element_type=\"widget\" data-widget_type=\"divider.default\">\n\t\t\t\t\t\t\t<div class=\"elementor-divider\">\n\t\t\t<span class=\"elementor-divider-separator\">\n\t\t\t\t\t\t<\/span>\n\t\t<\/div>\n\t\t\t\t\t\t<\/div>\n\t\t\t\t<div class=\"elementor-element elementor-element-4a60438c elementor-widget elementor-widget-text-editor\" data-id=\"4a60438c\" data-element_type=\"widget\" data-widget_type=\"text-editor.default\">\n\t\t\t\t\t\t\t\t\t<ul><li><h5><span style=\"text-decoration: underline;\"><a href=\"https:\/\/lamevaaffac.com\/wp-content\/uploads\/2026\/02\/DECLARACIO-RESPONSABLE-VERIFACTU-LA-MEVA-AFFAC_v1.2.0.pdf\">Declaraci\u00f3 responsable Verifactu\u00a01.2.0<\/a><\/span><\/h5><\/li><\/ul>\t\t\t\t\t\t\t\t<\/div>\n\t\t\t\t<div class=\"elementor-element elementor-element-753e4dc8 elementor-widget elementor-widget-spacer\" data-id=\"753e4dc8\" data-element_type=\"widget\" data-widget_type=\"spacer.default\">\n\t\t\t\t\t\t\t<div class=\"elementor-spacer\">\n\t\t\t<div class=\"elementor-spacer-inner\"><\/div>\n\t\t<\/div>\n\t\t\t\t\t\t<\/div>\n\t\t\t\t\t<\/div>\n\t\t<\/div>\n\t\t\t\t\t<\/div>\n\t\t<\/section>\n\t\t\t\t<\/div>","protected":false},"excerpt":{"rendered":"<p>Hist\u00f2ric declaracions responsables Verifactu Declaraci\u00f3 responsable Verifactu\u00a01.2.0<\/p>","protected":false},"author":4,"featured_media":0,"parent":0,"menu_order":0,"comment_status":"closed","ping_status":"closed","template":"","meta":{"footnotes":""},"class_list":["post-1917","page","type-page","status-publish","hentry"],"yoast_head":"<!-- This site is optimized with the Yoast SEO plugin v26.4 - https:\/\/yoast.com\/wordpress\/plugins\/seo\/ -->\n<title>Hist\u00f2ric declaracions responsables Verifactu - La Meva aFFaC<\/title>\n<meta name=\"robots\" content=\"index, follow, max-snippet:-1, max-image-preview:large, max-video-preview:-1\" \/>\n<link rel=\"canonical\" href=\"https:\/\/lamevaaffac.com\/es\/declaracio-responsable-verifactu\/\" \/>\n<meta property=\"og:locale\" content=\"es_ES\" \/>\n<meta property=\"og:type\" content=\"article\" \/>\n<meta property=\"og:title\" content=\"Hist\u00f2ric declaracions responsables Verifactu - La Meva aFFaC\" \/>\n<meta property=\"og:description\" content=\"Hist\u00f2ric declaracions responsables Verifactu Declaraci\u00f3 responsable Verifactu\u00a01.2.0\" \/>\n<meta property=\"og:url\" content=\"https:\/\/lamevaaffac.com\/es\/declaracio-responsable-verifactu\/\" \/>\n<meta property=\"og:site_name\" content=\"La Meva aFFaC\" \/>\n<meta property=\"article:publisher\" content=\"https:\/\/www.facebook.com\/affac.cat\" \/>\n<meta property=\"article:modified_time\" content=\"2026-02-23T07:39:42+00:00\" \/>\n<meta name=\"twitter:card\" content=\"summary_large_image\" \/>\n<meta name=\"twitter:site\" content=\"@affac_cat\" \/>\n<script type=\"application\/ld+json\" class=\"yoast-schema-graph\">{\"@context\":\"https:\/\/schema.org\",\"@graph\":[{\"@type\":\"WebPage\",\"@id\":\"https:\/\/lamevaaffac.com\/declaracio-responsable-verifactu\/\",\"url\":\"https:\/\/lamevaaffac.com\/declaracio-responsable-verifactu\/\",\"name\":\"Hist\u00f2ric declaracions responsables Verifactu - La Meva aFFaC\",\"isPartOf\":{\"@id\":\"https:\/\/lamevaaffac.com\/#website\"},\"datePublished\":\"2026-02-20T11:07:26+00:00\",\"dateModified\":\"2026-02-23T07:39:42+00:00\",\"breadcrumb\":{\"@id\":\"https:\/\/lamevaaffac.com\/declaracio-responsable-verifactu\/#breadcrumb\"},\"inLanguage\":\"es\",\"potentialAction\":[{\"@type\":\"ReadAction\",\"target\":[\"https:\/\/lamevaaffac.com\/declaracio-responsable-verifactu\/\"]}]},{\"@type\":\"BreadcrumbList\",\"@id\":\"https:\/\/lamevaaffac.com\/declaracio-responsable-verifactu\/#breadcrumb\",\"itemListElement\":[{\"@type\":\"ListItem\",\"position\":1,\"name\":\"Inici\",\"item\":\"https:\/\/lamevaaffac.com\/\"},{\"@type\":\"ListItem\",\"position\":2,\"name\":\"Hist\u00f2ric declaracions responsables Verifactu\"}]},{\"@type\":\"WebSite\",\"@id\":\"https:\/\/lamevaaffac.com\/#website\",\"url\":\"https:\/\/lamevaaffac.com\/\",\"name\":\"La Meva aFFaC\",\"description\":\"\",\"publisher\":{\"@id\":\"https:\/\/lamevaaffac.com\/#organization\"},\"potentialAction\":[{\"@type\":\"SearchAction\",\"target\":{\"@type\":\"EntryPoint\",\"urlTemplate\":\"https:\/\/lamevaaffac.com\/?s={search_term_string}\"},\"query-input\":{\"@type\":\"PropertyValueSpecification\",\"valueRequired\":true,\"valueName\":\"search_term_string\"}}],\"inLanguage\":\"es\"},{\"@type\":\"Organization\",\"@id\":\"https:\/\/lamevaaffac.com\/#organization\",\"name\":\"La Meva aFFaC\",\"url\":\"https:\/\/lamevaaffac.com\/\",\"logo\":{\"@type\":\"ImageObject\",\"inLanguage\":\"es\",\"@id\":\"https:\/\/lamevaaffac.com\/#\/schema\/logo\/image\/\",\"url\":\"https:\/\/lamevaaffac.com\/wp-content\/uploads\/2025\/10\/LOGO-aFFaC_TOP_s.png\",\"contentUrl\":\"https:\/\/lamevaaffac.com\/wp-content\/uploads\/2025\/10\/LOGO-aFFaC_TOP_s.png\",\"width\":220,\"height\":113,\"caption\":\"La Meva aFFaC\"},\"image\":{\"@id\":\"https:\/\/lamevaaffac.com\/#\/schema\/logo\/image\/\"},\"sameAs\":[\"https:\/\/www.facebook.com\/affac.cat\",\"https:\/\/x.com\/affac_cat\",\"https:\/\/www.instagram.com\/affac.cat\/\",\"https:\/\/www.linkedin.com\/company\/affac-cat\/\"]}]}<\/script>\n<!-- \/ Yoast SEO plugin. -->","yoast_head_json":{"title":"Hist\u00f2ric declaracions responsables Verifactu - La Meva aFFaC","robots":{"index":"index","follow":"follow","max-snippet":"max-snippet:-1","max-image-preview":"max-image-preview:large","max-video-preview":"max-video-preview:-1"},"canonical":"https:\/\/lamevaaffac.com\/es\/declaracio-responsable-verifactu\/","og_locale":"es_ES","og_type":"article","og_title":"Hist\u00f2ric declaracions responsables Verifactu - La Meva aFFaC","og_description":"Hist\u00f2ric declaracions responsables Verifactu Declaraci\u00f3 responsable Verifactu\u00a01.2.0","og_url":"https:\/\/lamevaaffac.com\/es\/declaracio-responsable-verifactu\/","og_site_name":"La Meva aFFaC","article_publisher":"https:\/\/www.facebook.com\/affac.cat","article_modified_time":"2026-02-23T07:39:42+00:00","twitter_card":"summary_large_image","twitter_site":"@affac_cat","schema":{"@context":"https:\/\/schema.org","@graph":[{"@type":"WebPage","@id":"https:\/\/lamevaaffac.com\/declaracio-responsable-verifactu\/","url":"https:\/\/lamevaaffac.com\/declaracio-responsable-verifactu\/","name":"Hist\u00f2ric declaracions responsables Verifactu - La Meva aFFaC","isPartOf":{"@id":"https:\/\/lamevaaffac.com\/#website"},"datePublished":"2026-02-20T11:07:26+00:00","dateModified":"2026-02-23T07:39:42+00:00","breadcrumb":{"@id":"https:\/\/lamevaaffac.com\/declaracio-responsable-verifactu\/#breadcrumb"},"inLanguage":"es","potentialAction":[{"@type":"ReadAction","target":["https:\/\/lamevaaffac.com\/declaracio-responsable-verifactu\/"]}]},{"@type":"BreadcrumbList","@id":"https:\/\/lamevaaffac.com\/declaracio-responsable-verifactu\/#breadcrumb","itemListElement":[{"@type":"ListItem","position":1,"name":"Inici","item":"https:\/\/lamevaaffac.com\/"},{"@type":"ListItem","position":2,"name":"Hist\u00f2ric declaracions responsables Verifactu"}]},{"@type":"WebSite","@id":"https:\/\/lamevaaffac.com\/#website","url":"https:\/\/lamevaaffac.com\/","name":"La Meva aFFaC","description":"","publisher":{"@id":"https:\/\/lamevaaffac.com\/#organization"},"potentialAction":[{"@type":"SearchAction","target":{"@type":"EntryPoint","urlTemplate":"https:\/\/lamevaaffac.com\/?s={search_term_string}"},"query-input":{"@type":"PropertyValueSpecification","valueRequired":true,"valueName":"search_term_string"}}],"inLanguage":"es"},{"@type":"Organization","@id":"https:\/\/lamevaaffac.com\/#organization","name":"La Meva aFFaC","url":"https:\/\/lamevaaffac.com\/","logo":{"@type":"ImageObject","inLanguage":"es","@id":"https:\/\/lamevaaffac.com\/#\/schema\/logo\/image\/","url":"https:\/\/lamevaaffac.com\/wp-content\/uploads\/2025\/10\/LOGO-aFFaC_TOP_s.png","contentUrl":"https:\/\/lamevaaffac.com\/wp-content\/uploads\/2025\/10\/LOGO-aFFaC_TOP_s.png","width":220,"height":113,"caption":"La Meva aFFaC"},"image":{"@id":"https:\/\/lamevaaffac.com\/#\/schema\/logo\/image\/"},"sameAs":["https:\/\/www.facebook.com\/affac.cat","https:\/\/x.com\/affac_cat","https:\/\/www.instagram.com\/affac.cat\/","https:\/\/www.linkedin.com\/company\/affac-cat\/"]}]}},"_links":{"self":[{"href":"https:\/\/lamevaaffac.com\/es\/wp-json\/wp\/v2\/pages\/1917","targetHints":{"allow":["GET"]}}],"collection":[{"href":"https:\/\/lamevaaffac.com\/es\/wp-json\/wp\/v2\/pages"}],"about":[{"href":"https:\/\/lamevaaffac.com\/es\/wp-json\/wp\/v2\/types\/page"}],"author":[{"embeddable":true,"href":"https:\/\/lamevaaffac.com\/es\/wp-json\/wp\/v2\/users\/4"}],"replies":[{"embeddable":true,"href":"https:\/\/lamevaaffac.com\/es\/wp-json\/wp\/v2\/comments?post=1917"}],"version-history":[{"count":15,"href":"https:\/\/lamevaaffac.com\/es\/wp-json\/wp\/v2\/pages\/1917\/revisions"}],"predecessor-version":[{"id":1939,"href":"https:\/\/lamevaaffac.com\/es\/wp-json\/wp\/v2\/pages\/1917\/revisions\/1939"}],"wp:attachment":[{"href":"https:\/\/lamevaaffac.com\/es\/wp-json\/wp\/v2\/media?parent=1917"}],"curies":[{"name":"wp","href":"https:\/\/api.w.org\/{rel}","templated":true}]}}